{"id":6025,"date":"2026-02-01T06:44:28","date_gmt":"2026-02-01T06:44:28","guid":{"rendered":"https:\/\/www.viaggiconbambinilowcost.it\/?page_id=6025"},"modified":"2026-02-02T04:34:03","modified_gmt":"2026-02-02T04:34:03","slug":"chi-siamo","status":"publish","type":"page","link":"https:\/\/www.viaggiconbambinilowcost.it\/index.php\/chi-siamo\/","title":{"rendered":"CHI SIAMO"},"content":{"rendered":"\t\t<div data-elementor-type=\"wp-page\" data-elementor-id=\"6025\" class=\"elementor elementor-6025\">\n\t\t\t\t        <section class=\"elementor-section elementor-top-section elementor-element elementor-element-4ef3f02 elementor-section-boxed elementor-section-height-default elementor-section-height-default ct-header-fixed-none ct-row-max-none\" data-id=\"4ef3f02\" data-element_type=\"section\">\n            \n                        <div class=\"elementor-container elementor-column-gap-default \">\n                    <div class=\"elementor-column elementor-col-100 elementor-top-column elementor-element elementor-element-c7be9e0 elementor-invisible\" data-id=\"c7be9e0\" data-element_type=\"column\" data-settings=\"{&quot;animation&quot;:&quot;fadeInRight&quot;}\">\n        <div class=\"elementor-widget-wrap elementor-element-populated\">\n                    \n        \t\t<div class=\"elementor-element elementor-element-15c8fe9 elementor-widget elementor-widget-ct_about_us\" data-id=\"15c8fe9\" data-element_type=\"widget\" data-widget_type=\"ct_about_us.default\">\n\t\t\t\t<div class=\"elementor-widget-container\">\n\t\t\t<div class=\"ct-about-us\">\r\n\t<div class=\"ct-about-left\">\r\n\t\t\t\t\t<div class=\"ct-about-imge\"><img fetchpriority=\"high\" decoding=\"async\" class=\"\" src=\"https:\/\/www.viaggiconbambinilowcost.it\/wp-content\/uploads\/2026\/02\/p4_2.png\" width=\"300\" height=\"300\" alt=\"p4_2\" title=\"p4_2\" \/><\/div>\r\n\t\t\t<\/div>\r\n\t<div class=\"ct-about-right\">\r\n\t\t<div class=\"ct-about-holder\">\r\n\t        <div class=\"ct-about-subtitle\"><span>Founders<\/span><\/div>\r\n\t        <h3 class=\"ct-about-title\">Paola &amp; Gianni <\/h3>\r\n\t        <div class=\"ct-about-desc\">Siamo viaggiatori. \u00a0Serve sapere altro? Gianni ha visitato pi\u00f9 di 80 paesi con la sua reflex in mano, Paola cerca di stargli dietro. Con un taccuino virtuale in mano e l\u2019entusiasmo perenne. Amiamo costruire itinerari dettagliati, gli animali, i paesaggi incontaminati, i parchi nazionali. Gianni \u00e8 un grande tifoso degli Utah Jazz, e il suo amore per la squadra nasce proprio dalla passione per lo Utah. Io, Paola \u00e8 una grande appassionata di vino, di libri (non sono mai abbastanza!) e la scrittura \u00e8 il mio grande amore. Dal 2020 siamo diventati genitori di Giovanni e lo abbiamo gi\u00e0 portato in giro per l\u2019Asia, gli Stati Uniti e l\u2019Europa ed essendo cos\u00ec divertente viaggiare insieme, Martino si \u00e8 aggiunto alla famiglia nel 2023. A 6 mesi era gi\u00e0 stato a Madeira, in Islanda e a Taiwan: quindi s\u00ec, viaggiare con i bambini si pu\u00f2.\n<br\/> Super\u00a0specializzati in Stati Uniti e Sud Est Asiatico, amiamo viaggiare leggeri, spendendo meno possibile e cercando di immergerci al massimo nelle culture locali. Appassionati di cibo, cerchiamo di rendere ogni viaggio un pezzo di vita indimenticabile. E questo cerchiamo di fare anche con i vostri viaggi.<\/div>\r\n\t        \t    <\/div>\r\n\t<\/div>\r\n<\/div>\t\t<\/div>\n\t\t\t\t<\/div>\n\t\t            <\/div>\n        <\/div>\n                    <\/div>\n        <\/section>\n                <section class=\"elementor-section elementor-top-section elementor-element elementor-element-81b846a elementor-section-boxed elementor-section-height-default elementor-section-height-default ct-header-fixed-none ct-row-max-none\" data-id=\"81b846a\" data-element_type=\"section\">\n            \n                        <div class=\"elementor-container elementor-column-gap-default \">\n                    <div class=\"elementor-column elementor-col-100 elementor-top-column elementor-element elementor-element-3793bdf elementor-invisible\" data-id=\"3793bdf\" data-element_type=\"column\" data-settings=\"{&quot;animation&quot;:&quot;fadeInLeft&quot;}\">\n        <div class=\"elementor-widget-wrap elementor-element-populated\">\n                    \n        \t\t<div class=\"elementor-element elementor-element-2c9946f elementor-widget elementor-widget-ct_about_us\" data-id=\"2c9946f\" data-element_type=\"widget\" data-widget_type=\"ct_about_us.default\">\n\t\t\t\t<div class=\"elementor-widget-container\">\n\t\t\t<div class=\"ct-about-us\">\r\n\t<div class=\"ct-about-left\">\r\n\t\t\t\t\t<div class=\"ct-about-imge\"><img decoding=\"async\" class=\"\" src=\"https:\/\/www.viaggiconbambinilowcost.it\/wp-content\/uploads\/2026\/02\/p5_3.png\" width=\"300\" height=\"300\" alt=\"p5_3\" title=\"p5_3\" \/><\/div>\r\n\t\t\t<\/div>\r\n\t<div class=\"ct-about-right\">\r\n\t\t<div class=\"ct-about-holder\">\r\n\t        <div class=\"ct-about-subtitle\"><span>Travel expert GIAPPONE e GRECIA e INGHILTERRA<\/span><\/div>\r\n\t        <h3 class=\"ct-about-title\">Patrick e Letizia <\/h3>\r\n\t        <div class=\"ct-about-desc\">Dopo aver esplorato cinque continenti in coppia \u00e8 stato il momento di farlo in famiglia: le isole della Grecia sono state tra le prime mete da scoprire con Mia e Orlando, per partire poi alla volta del Giappone. Siamo viaggiatori curiosi, amanti dei viaggi letterari e gastronomici.<br\/>\n Autori delle guide del touring Club di Grecia, Inghilterra e ovviamente, Giappone.<\/div>\r\n\t        \t    <\/div>\r\n\t<\/div>\r\n<\/div>\t\t<\/div>\n\t\t\t\t<\/div>\n\t\t            <\/div>\n        <\/div>\n                    <\/div>\n        <\/section>\n                <section class=\"elementor-section elementor-top-section elementor-element elementor-element-c0aaff7 elementor-section-boxed elementor-section-height-default elementor-section-height-default ct-header-fixed-none ct-row-max-none\" data-id=\"c0aaff7\" data-element_type=\"section\">\n            \n                        <div class=\"elementor-container elementor-column-gap-default \">\n                    <div class=\"elementor-column elementor-col-100 elementor-top-column elementor-element elementor-element-caa92a0 elementor-invisible\" data-id=\"caa92a0\" data-element_type=\"column\" data-settings=\"{&quot;animation&quot;:&quot;fadeInRight&quot;}\">\n        <div class=\"elementor-widget-wrap elementor-element-populated\">\n                    \n        \t\t<div class=\"elementor-element elementor-element-1a22699 elementor-widget elementor-widget-ct_about_us\" data-id=\"1a22699\" data-element_type=\"widget\" data-widget_type=\"ct_about_us.default\">\n\t\t\t\t<div class=\"elementor-widget-container\">\n\t\t\t<div class=\"ct-about-us\">\r\n\t<div class=\"ct-about-left\">\r\n\t\t\t\t\t<div class=\"ct-about-imge\"><img decoding=\"async\" class=\"\" src=\"https:\/\/www.viaggiconbambinilowcost.it\/wp-content\/uploads\/2026\/02\/p5_4.png\" width=\"300\" height=\"300\" alt=\"p5_4\" title=\"p5_4\" \/><\/div>\r\n\t\t\t<\/div>\r\n\t<div class=\"ct-about-right\">\r\n\t\t<div class=\"ct-about-holder\">\r\n\t        <div class=\"ct-about-subtitle\"><span>Travel Expert LAPPONIA e INGHILTERRA\u2026E TUTTI I PAESI DEL FREDDO NORD!<\/span><\/div>\r\n\t        <h3 class=\"ct-about-title\">Letizia<\/h3>\r\n\t        <div class=\"ct-about-desc\">Mi chiamo Letizia, amo viaggiare un po\u2019 ovunque ma con una netta predilezione per i paesi che si affacciano sull\u2019Atlantico e per le mete che gravitano intorno al Circolo Polare Artico. Renne, laghi ghiacciati, freddo, aurora boreale e, \u00e7a va sans dire, Babbo Natale sono gli elementi che adoro combinare per creare un itinerario che pi\u00f9 di ogni altro si avvicina al mio ideale di sogno. La Lapponia non \u00e8 solo bianco ovunque ma un altro milione di sfumature da cogliere, apprezzare e, compatibilmente con la propria natura, amare. <br\/><br\/>\nDa quando sono nati, ho viaggiato con i mei tre figli verso le pi\u00f9 diverse mete, quindi ho decisamente visto come si viaggia ado ogni et\u00e0!. [Puoi trovare i miei racconti su\u00a0Incinqueconlavaligia.com]\n<\/div>\r\n\t        \t    <\/div>\r\n\t<\/div>\r\n<\/div>\t\t<\/div>\n\t\t\t\t<\/div>\n\t\t            <\/div>\n        <\/div>\n                    <\/div>\n        <\/section>\n                <section class=\"elementor-section elementor-top-section elementor-element elementor-element-2015463 elementor-section-boxed elementor-section-height-default elementor-section-height-default ct-header-fixed-none ct-row-max-none\" data-id=\"2015463\" data-element_type=\"section\">\n            \n                        <div class=\"elementor-container elementor-column-gap-default \">\n                    <div class=\"elementor-column elementor-col-100 elementor-top-column elementor-element elementor-element-6600a7f elementor-invisible\" data-id=\"6600a7f\" data-element_type=\"column\" data-settings=\"{&quot;animation&quot;:&quot;fadeInLeft&quot;}\">\n        <div class=\"elementor-widget-wrap elementor-element-populated\">\n                    \n        \t\t<div class=\"elementor-element elementor-element-f57cf2e elementor-widget elementor-widget-ct_about_us\" data-id=\"f57cf2e\" data-element_type=\"widget\" data-widget_type=\"ct_about_us.default\">\n\t\t\t\t<div class=\"elementor-widget-container\">\n\t\t\t<div class=\"ct-about-us\">\r\n\t<div class=\"ct-about-left\">\r\n\t\t\t\t\t<div class=\"ct-about-imge\"><img loading=\"lazy\" decoding=\"async\" class=\"\" src=\"https:\/\/www.viaggiconbambinilowcost.it\/wp-content\/uploads\/2026\/02\/p6_5-306x306.png\" width=\"306\" height=\"306\" alt=\"p6_5\" title=\"p6_5\" \/><\/div>\r\n\t\t\t<\/div>\r\n\t<div class=\"ct-about-right\">\r\n\t\t<div class=\"ct-about-holder\">\r\n\t        <div class=\"ct-about-subtitle\"><span>Travel Expert \u2013 BALCANI \u2013 CAUCASO \u2013\u00a0RUSSIA \u2013 ASIA CENTRALE -EST EUROPA<\/span><\/div>\r\n\t        <h3 class=\"ct-about-title\">Eleonora<\/h3>\r\n\t        <div class=\"ct-about-desc\">Mi chiamo Eleonora, sono laureata in linguistica ma ci ho messo ben poco a capire che nella vita volevo viaggiare e vivere d\u2019avventura. Da quando ho scoperto le atmosfere affascinanti e nostalgiche del vicino Est ho voluto scoprirlo sempre pi\u00f9 a fondo, spingendomi ogni volta pi\u00f9 lontano. Ho viaggiato in oltre 50 paesi ma continuo a tornare in Caucaso, in Russia ed Est Europa, in Asia Centrale e nei Balcani: sono paesi dalla storia ricchissima e paesaggi mozzafiato, abitati da persone gentili ma ancora non alterati dal turismo di massa. Dal 2015 li racconto con rispetto e amore attraverso le storie delle persone che incontro su\u00a0Pain de Route,\u00a0il mio blog \u2018selvatico\u2019.<\/div>\r\n\t        \t    <\/div>\r\n\t<\/div>\r\n<\/div>\t\t<\/div>\n\t\t\t\t<\/div>\n\t\t            <\/div>\n        <\/div>\n                    <\/div>\n        <\/section>\n                <section class=\"elementor-section elementor-top-section elementor-element elementor-element-9e925e4 elementor-section-boxed elementor-section-height-default elementor-section-height-default ct-header-fixed-none ct-row-max-none\" data-id=\"9e925e4\" data-element_type=\"section\">\n            \n                        <div class=\"elementor-container elementor-column-gap-default \">\n                    <div class=\"elementor-column elementor-col-100 elementor-top-column elementor-element elementor-element-bfe7daf elementor-invisible\" data-id=\"bfe7daf\" data-element_type=\"column\" data-settings=\"{&quot;animation&quot;:&quot;fadeInRight&quot;}\">\n        <div class=\"elementor-widget-wrap elementor-element-populated\">\n                    \n        \t\t<div class=\"elementor-element elementor-element-5db0988 elementor-widget elementor-widget-ct_about_us\" data-id=\"5db0988\" data-element_type=\"widget\" data-widget_type=\"ct_about_us.default\">\n\t\t\t\t<div class=\"elementor-widget-container\">\n\t\t\t<div class=\"ct-about-us\">\r\n\t<div class=\"ct-about-left\">\r\n\t\t\t\t\t<div class=\"ct-about-imge\"><img loading=\"lazy\" decoding=\"async\" class=\"\" src=\"https:\/\/www.viaggiconbambinilowcost.it\/wp-content\/uploads\/2026\/02\/p7_6-271x306.png\" width=\"271\" height=\"306\" alt=\"p7_6\" title=\"p7_6\" \/><\/div>\r\n\t\t\t<\/div>\r\n\t<div class=\"ct-about-right\">\r\n\t\t<div class=\"ct-about-holder\">\r\n\t        <div class=\"ct-about-subtitle\"><span>Travel Expert \u2013 GIORDANIA<\/span><\/div>\r\n\t        <h3 class=\"ct-about-title\">Cristina<\/h3>\r\n\t        <div class=\"ct-about-desc\">Mi chiamo Cristina e vivo a Padova, una citt\u00e0 a misura d\u2019uomo, il mio rifugio quando non viaggio. Viaggiare per me \u00e8 un percorso, uno stile di vita e non posso pi\u00f9 farne a meno. Adoro la montagna ma amo il mare, non bevo caff\u00e8 ma la birra che alterno solo a del buon t\u00e8. Ho fatto un salto negli USA, nel sud America, in Asia, in Medio Oriente e in Europa: sono sempre in continuo movimento.<br\/><br\/>\nLa Giordania poi \u00e8 capitata per caso, un po\u2019 come tutte le belle cose, improvvisamente e senza preavviso. Perch\u00e9 io in Giordania ci dovevo andare a vivere (ma questa \u00e8 un\u2019altra storia\u2026). Io me ne sono innamorata, letteralmente.<br\/><br\/>\nDa 18 anni ho portato con me quello che era il mio piccolo viaggiatore\u2026quindi decisamente conosco tutte le sfumature del viaggiare con bambini ad ogni et\u00e0.<br\/><br\/>\nPotete leggere le mie avventure in viaggio su\u00a0crinviaggio.com.\n<\/div>\r\n\t        \t    <\/div>\r\n\t<\/div>\r\n<\/div>\t\t<\/div>\n\t\t\t\t<\/div>\n\t\t            <\/div>\n        <\/div>\n                    <\/div>\n        <\/section>\n        \t\t<\/div>\n\t\t","protected":false},"excerpt":{"rendered":"<p>Founders Paola &amp; Gianni Siamo viaggiatori. \u00a0Serve sapere altro? Gianni ha visitato pi\u00f9 di 80 paesi con la sua reflex in mano, Paola cerca di stargli dietro. Con un taccuino virtuale in mano e l\u2019entusiasmo perenne. Amiamo costruire itinerari dettagliati, gli animali, i paesaggi incontaminati, i parchi nazionali. Gianni \u00e8 un grande tifoso degli Utah [&hellip;]<\/p>\n","protected":false},"author":2,"featured_media":0,"parent":0,"menu_order":0,"comment_status":"closed","ping_status":"closed","template":"","meta":{"footnotes":""},"class_list":["post-6025","page","type-page","status-publish","hentry"],"_links":{"self":[{"href":"https:\/\/www.viaggiconbambinilowcost.it\/index.php\/wp-json\/wp\/v2\/pages\/6025","targetHints":{"allow":["GET"]}}],"collection":[{"href":"https:\/\/www.viaggiconbambinilowcost.it\/index.php\/wp-json\/wp\/v2\/pages"}],"about":[{"href":"https:\/\/www.viaggiconbambinilowcost.it\/index.php\/wp-json\/wp\/v2\/types\/page"}],"author":[{"embeddable":true,"href":"https:\/\/www.viaggiconbambinilowcost.it\/index.php\/wp-json\/wp\/v2\/users\/2"}],"replies":[{"embeddable":true,"href":"https:\/\/www.viaggiconbambinilowcost.it\/index.php\/wp-json\/wp\/v2\/comments?post=6025"}],"version-history":[{"count":10,"href":"https:\/\/www.viaggiconbambinilowcost.it\/index.php\/wp-json\/wp\/v2\/pages\/6025\/revisions"}],"predecessor-version":[{"id":6212,"href":"https:\/\/www.viaggiconbambinilowcost.it\/index.php\/wp-json\/wp\/v2\/pages\/6025\/revisions\/6212"}],"wp:attachment":[{"href":"https:\/\/www.viaggiconbambinilowcost.it\/index.php\/wp-json\/wp\/v2\/media?parent=6025"}],"curies":[{"name":"wp","href":"https:\/\/api.w.org\/{rel}","templated":true}]}}