{"id":5794,"date":"2026-02-01T04:11:28","date_gmt":"2026-02-01T04:11:28","guid":{"rendered":"https:\/\/www.viaggiconbambinilowcost.it\/?page_id=5794"},"modified":"2026-02-01T07:57:11","modified_gmt":"2026-02-01T07:57:11","slug":"domande-frequenti","status":"publish","type":"page","link":"https:\/\/www.viaggiconbambinilowcost.it\/index.php\/domande-frequenti\/","title":{"rendered":"DOMANDE FREQUENTI"},"content":{"rendered":"\t\t<div data-elementor-type=\"wp-page\" data-elementor-id=\"5794\" class=\"elementor elementor-5794\">\n\t\t\t\t        <section class=\"elementor-section elementor-top-section elementor-element elementor-element-64b91cb elementor-section-boxed elementor-section-height-default elementor-section-height-default ct-header-fixed-none ct-row-max-none\" data-id=\"64b91cb\" data-element_type=\"section\">\n            \n                        <div class=\"elementor-container elementor-column-gap-default \">\n                    <div class=\"elementor-column elementor-col-100 elementor-top-column elementor-element elementor-element-514b64d\" data-id=\"514b64d\" data-element_type=\"column\">\n        <div class=\"elementor-widget-wrap elementor-element-populated\">\n                    \n        \t\t<div class=\"elementor-element elementor-element-2b03561 elementor-widget elementor-widget-ct_accordion\" data-id=\"2b03561\" data-element_type=\"widget\" data-widget_type=\"ct_accordion.default\">\n\t\t\t\t<div class=\"elementor-widget-container\">\n\t\t\t    <div id=\"ct_accordion-2b03561\" class=\"ct-accordion layout1 style1 \">\r\n                    <div class=\"ct-accordion-item active\">\r\n                <div class=\"ct-ac-title active\" data-target=\"#2a6c8b0ct_accordion-2b03561\">\r\n                    <a class=\"ct-ac-title-text\">\r\n                                                                        Siamo quello che stai cercando?                    <\/a>\r\n                <\/div>\r\n                <div id=\"2a6c8b0ct_accordion-2b03561\" class=\"ct-ac-content\" style=\"display:block;\"><p>I nostri\u00a0viaggiatori\u00a0sono persone che vorrebbero viaggiare in maniera indipendente senza appoggiarsi alle agenzie, ma non l\u2019hanno mai fatto e quindi hanno bisogno di un aiuto. Oppure\u00a0viaggiatori\u00a0che sono troppo presi dalla vita coi bambini ma non hanno tempo di preoccuparsi anche del viaggio, ma preferiscono un viaggio modellato sui gusti e su ritmi personali. Altri sono\u00a0viaggiatori\u00a0che vogliono un consiglio esperto su un determinato posto che noi abbiamo gi\u00e0 visto: ad alcuni serve solo avere qualcuno che gli apra la strada. I nostri viaggiatori amano l\u2019avventura e amano scoprire nuovi mondi con l\u2019emozione di aver fatto (quasi) tutto da soli.<br \/>La maggior parte sono viaggiatori che hanno bisogno di un aiuto in pi\u00f9 per capire come si viaggia davvero con i bambini: perch\u00e9 ammettiamolo, \u00e8 diverso.<\/p><\/div>\r\n            <\/div>\r\n                    <div class=\"ct-accordion-item \">\r\n                <div class=\"ct-ac-title \" data-target=\"#b77c85bct_accordion-2b03561\">\r\n                    <a class=\"ct-ac-title-text\">\r\n                                                                        Perch\u00e8 scegliere viaggi con bambini low cost?                    <\/a>\r\n                <\/div>\r\n                <div id=\"b77c85bct_accordion-2b03561\" class=\"ct-ac-content\"><p>Per risparmiare, per imparare come organizzare un viaggio, per scoprire il mondo con le scarpe pi\u00f9 adatte. Il risparmio \u00e8 solo la prima variante di questo nostro piccolo mondo in cui i viaggiatori decidono davvero come realizzare il proprio sogno. Per avere un viaggio che \u00e8 realmente tuo, cucito su misura.<\/p><\/div>\r\n            <\/div>\r\n                    <div class=\"ct-accordion-item \">\r\n                <div class=\"ct-ac-title \" data-target=\"#c36e11ect_accordion-2b03561\">\r\n                    <a class=\"ct-ac-title-text\">\r\n                                                                        E\u2019 un servizio a pagamento?                    <\/a>\r\n                <\/div>\r\n                <div id=\"c36e11ect_accordion-2b03561\" class=\"ct-ac-content\"><p>S\u00ec,\u00a0\u00e8 un servizio a pagamento, ma il costo \u00e8 piccolo rispetto a quello che potrai\u00a0risparmiare.<\/p><\/div>\r\n            <\/div>\r\n                    <div class=\"ct-accordion-item \">\r\n                <div class=\"ct-ac-title \" data-target=\"#4d96593ct_accordion-2b03561\">\r\n                    <a class=\"ct-ac-title-text\">\r\n                                                                        Il preventivo che fate ha un costo?                    <\/a>\r\n                <\/div>\r\n                <div id=\"4d96593ct_accordion-2b03561\" class=\"ct-ac-content\"><p>No, ovviamente! Fare una stima realistica dei costi \u00e8 per voi fondamentale per capire se le nostre idee stanno nel vostro budget.<\/p><\/div>\r\n            <\/div>\r\n                    <div class=\"ct-accordion-item \">\r\n                <div class=\"ct-ac-title \" data-target=\"#bebdfbbct_accordion-2b03561\">\r\n                    <a class=\"ct-ac-title-text\">\r\n                                                                        Quali tipi di viaggio si possono scegliere?                    <\/a>\r\n                <\/div>\r\n                <div id=\"bebdfbbct_accordion-2b03561\" class=\"ct-ac-content\"><p>Noi prediligiamo gli on the road, perch\u00e8 siamo viaggiatori e cerchiamo sempre di vedere pi\u00f9 cose possibili mentre siamo in viaggio. Siamo specializzati sull\u2019Asia e soprattutto sugli Stati Uniti, dopo possiamo indicarti passo a passo quali sono le opzioni migliori. Quale migliore opzione se non quella che abbiamo gi\u00e0 testato sulla nostra pelle?<\/p><\/div>\r\n            <\/div>\r\n                    <div class=\"ct-accordion-item \">\r\n                <div class=\"ct-ac-title \" data-target=\"#630c749ct_accordion-2b03561\">\r\n                    <a class=\"ct-ac-title-text\">\r\n                                                                        Come potete fidarvi di noi?                    <\/a>\r\n                <\/div>\r\n                <div id=\"630c749ct_accordion-2b03561\" class=\"ct-ac-content\"><p>Videochiamateci, chiedete a tutti i viaggiatori di viaggidinozzelowcost.com o ai blogger che ci conoscono, incontriamoci per un caff\u00e8: per noi i viaggi sono una cosa sacra, conquistarci la vostra fiducia il primo passo per rendere la vostra esperienza pi\u00f9 positiva possibile.<\/p><\/div>\r\n            <\/div>\r\n                    <div class=\"ct-accordion-item \">\r\n                <div class=\"ct-ac-title \" data-target=\"#c81476act_accordion-2b03561\">\r\n                    <a class=\"ct-ac-title-text\">\r\n                                                                        Mi obbligate a fare viaggi dove ci si sposta tutti i giorni?                    <\/a>\r\n                <\/div>\r\n                <div id=\"c81476act_accordion-2b03561\" class=\"ct-ac-content\"><p>I ritmi ed i posti li decidete voi, noi vi consigliamo solo dov\u2019\u00e8 il posto migliore in cui stare. Vuoi fare diversi stop tutti i giorni? Puoi farlo? Vuoi stare in un unico posto ma fare giretti giornalieri? Perch\u00e8 no. Noi prediligiamo viaggi avventurosi ed in movimento, ma il tuo viaggio deve essere il tuo vestito su misura.<\/p><\/div>\r\n            <\/div>\r\n                    <div class=\"ct-accordion-item \">\r\n                <div class=\"ct-ac-title \" data-target=\"#3620d2cct_accordion-2b03561\">\r\n                    <a class=\"ct-ac-title-text\">\r\n                                                                        Questa \u00e8 una vera attivit\u00e0?                    <\/a>\r\n                <\/div>\r\n                <div id=\"3620d2cct_accordion-2b03561\" class=\"ct-ac-content\"><p>S\u00ec, lo \u00e8, ed \u00e8 il lavoro a tempo pieno di Paola, non un passatempo. La fatturazione \u00e8 intestata ad una ditta individuale e le tasse (tante), vengono regolarmente pagate<\/p><\/div>\r\n            <\/div>\r\n                    <div class=\"ct-accordion-item \">\r\n                <div class=\"ct-ac-title \" data-target=\"#81c7cefct_accordion-2b03561\">\r\n                    <a class=\"ct-ac-title-text\">\r\n                                                                        Se dopo una videochiamata  conoscitiva capiamo che non fate per noi, possiamo tirarci indietro?                    <\/a>\r\n                <\/div>\r\n                <div id=\"81c7cefct_accordion-2b03561\" class=\"ct-ac-content\"><p>Certo, non costringiamo nessuno e soprattutto la videochiamata serve proprio per capire se siamo fatti per voi e voi per noi. Se cominciamo con una parte del lavoro (ricerca voli approfondita con invio voli o creazione itinerario personalizzato), quella \u00e8 una fetta del nostro lavoro e ovviamente ha un costo.<\/p><p>Raccontaci il\u00a0viaggio\u00a0che sogni, il budget ideale, che tipo di viaggio fa per te, quanti giorni riesci a dedicare a questa avventura.<br \/>scrivici a viaggiconbambinilowcost@gmail.com <\/p><\/div>\r\n            <\/div>\r\n            <\/div>\r\n\t\t<\/div>\n\t\t\t\t<\/div>\n\t\t            <\/div>\n        <\/div>\n                    <\/div>\n        <\/section>\n        \t\t<\/div>\n\t\t","protected":false},"excerpt":{"rendered":"<p>Siamo quello che stai cercando? I nostri\u00a0viaggiatori\u00a0sono persone che vorrebbero viaggiare in maniera indipendente senza appoggiarsi alle agenzie, ma non l\u2019hanno mai fatto e quindi hanno bisogno di un aiuto. Oppure\u00a0viaggiatori\u00a0che sono troppo presi dalla vita coi bambini ma non hanno tempo di preoccuparsi anche del viaggio, ma preferiscono un viaggio modellato sui gusti e [&hellip;]<\/p>\n","protected":false},"author":2,"featured_media":0,"parent":0,"menu_order":0,"comment_status":"closed","ping_status":"closed","template":"","meta":{"footnotes":""},"class_list":["post-5794","page","type-page","status-publish","hentry"],"_links":{"self":[{"href":"https:\/\/www.viaggiconbambinilowcost.it\/index.php\/wp-json\/wp\/v2\/pages\/5794","targetHints":{"allow":["GET"]}}],"collection":[{"href":"https:\/\/www.viaggiconbambinilowcost.it\/index.php\/wp-json\/wp\/v2\/pages"}],"about":[{"href":"https:\/\/www.viaggiconbambinilowcost.it\/index.php\/wp-json\/wp\/v2\/types\/page"}],"author":[{"embeddable":true,"href":"https:\/\/www.viaggiconbambinilowcost.it\/index.php\/wp-json\/wp\/v2\/users\/2"}],"replies":[{"embeddable":true,"href":"https:\/\/www.viaggiconbambinilowcost.it\/index.php\/wp-json\/wp\/v2\/comments?post=5794"}],"version-history":[{"count":10,"href":"https:\/\/www.viaggiconbambinilowcost.it\/index.php\/wp-json\/wp\/v2\/pages\/5794\/revisions"}],"predecessor-version":[{"id":6205,"href":"https:\/\/www.viaggiconbambinilowcost.it\/index.php\/wp-json\/wp\/v2\/pages\/5794\/revisions\/6205"}],"wp:attachment":[{"href":"https:\/\/www.viaggiconbambinilowcost.it\/index.php\/wp-json\/wp\/v2\/media?parent=5794"}],"curies":[{"name":"wp","href":"https:\/\/api.w.org\/{rel}","templated":true}]}}